{"id":682,"date":"2024-04-09T14:23:51","date_gmt":"2024-04-09T14:23:51","guid":{"rendered":"https:\/\/www.titan-solutions.ch\/ueber-uns\/"},"modified":"2024-04-22T09:49:40","modified_gmt":"2024-04-22T09:49:40","slug":"ueber-uns","status":"publish","type":"page","link":"https:\/\/www.titan-solutions.ch\/de\/ueber-uns\/","title":{"rendered":"\u00dcber uns"},"content":{"rendered":"\n\n\n\n<section\n  id=\"hero\"\n  style=\"background-image: url('https:\/\/www.titan-solutions.ch\/wp-content\/uploads\/2024\/04\/hero-about-o.jpg')\"\n  class=\" \"\n>\n  <div class=\"container\">\n    <div class=\"row  \">\n                 <div class=\"hero-content col-md-10 col-lg-7 col-xl-6\">\n                <h1>\n          Unser <span>Ethical<\/span> Code        <\/h1>\n        <p>Titan ist davon \u00fcberzeugt, ein Anbieter von sozial verantwortlichen L\u00f6sungen zu sein.<\/p>\n                  <div class=\"clearfix btn-wrapper\">\n                                          <a\n                  class=\"btn btn-light\"\n                  href=\"https:\/\/www.titan-solutions.ch\/de\/kontact\/\"\n                  target=\"_self\"\n                >\n                  Kontaktieren Sie uns                <\/a>\n                                    <\/div>\n              <\/div><!-- col -->\n      \n    <\/div><!-- .row -->\n  <\/div><!-- .container -->\n<\/section><!-- #hero -->\n\n\n\n\n  \n<section id=\"leadins\" class=\"leadins-4 animated-section\">\n  <div class=\"container\">\n    <div class=\"row\">\n      <div class=\"col\">\n        <h2>Unsere Soziale Verantwortung<\/h2>\n      <\/div>\n    <\/div>\n          <div class=\"row\">\n        <div class=\"col-lg-8 col-xl-7 mx-auto\">\n                      <h4>\n              Wir glauben grunds\u00e4tzlich an:            <\/h4>\n                  <\/div>\n      <\/div>\n              <div class=\"row image-text-row\">\n      \t          <div class=\"col-lg-3\">\n            <div class=\"title-wraper\">\n                                            <img decoding=\"async\" src=\"https:\/\/www.titan-solutions.ch\/wp-content\/uploads\/2024\/04\/ic-people.png\" alt=\"\" \/>\n                                        <\/div>\n            <p>\n  \t\t\t\t\t\tMenschen stehen bei uns im Mittelpunkt, Sie sind f\u00fcr uns genauso wichtig wie der Gewinn (wenn nicht noch wichtiger).            <\/p>\n          <\/div><!-- col -->\n                  <div class=\"col-lg-3\">\n            <div class=\"title-wraper\">\n                                            <img decoding=\"async\" src=\"https:\/\/www.titan-solutions.ch\/wp-content\/uploads\/2024\/04\/ic-responsibility.png\" alt=\"\" \/>\n                                        <\/div>\n            <p>\n  \t\t\t\t\t\tUnsere Verantwortung besteht darin, Effizient und L\u00f6sungsorientiert die Art und Weise zu ver\u00e4ndern, wie Kunden ihre Lieferkettensysteme managen und damit ihre Unternehmen umgestalten wollen.              <\/p>\n          <\/div><!-- col -->\n                  <div class=\"col-lg-3\">\n            <div class=\"title-wraper\">\n                                            <img decoding=\"async\" src=\"https:\/\/www.titan-solutions.ch\/wp-content\/uploads\/2024\/04\/ic-support.png\" alt=\"\" \/>\n                                        <\/div>\n            <p>\n  \t\t\t\t\t\tWir m\u00fcssen auf die Bed\u00fcrfnisse unserer Kunden eingehen und auf \u00c4nderungen nachhaltig, mit Good Practices und Endergebnis orientiert reagieren.            <\/p>\n          <\/div><!-- col -->\n                  <div class=\"col-lg-3\">\n            <div class=\"title-wraper\">\n                                            <img decoding=\"async\" src=\"https:\/\/www.titan-solutions.ch\/wp-content\/uploads\/2024\/04\/ic-power.png\" alt=\"\" \/>\n                                        <\/div>\n            <p>\n  \t\t\t\t\t\tTitan Kunden m\u00fcssen durch unsere Solution Services in die Lage versetzt werden, das zu bekommen, wonach Sie suchen. Wir sind f\u00fcr unsere Kunden da und in der Regel kein simpler Erf\u00fcllungsgehilfe und\/oder Daten Algorytmus.            <\/p>\n          <\/div><!-- col -->\n              <\/div><!-- .row -->\n      <\/div><!-- .container -->\n<\/section><!-- .leadins -->\n\n\n\r\n<section id=\"memberships\">\r\n  <div class=\"container\">\r\n    <div class=\"row\">\r\n      <div class=\"col-md-10 offset-md-1 shadow-wrapper\">\r\n        <div class=\"row\">\r\n          <div class=\"col-md-12\">\r\n            <h2>Mitgliedschaften<\/h2>\r\n            <p>Wir sind Teil der Verb\u00e4nde Procure.ch und supplytechs.com <\/p>\r\n                          <div class=\"clearfix\">\r\n                                                                                          <a href=\"https:\/\/www.procure.ch\/\" target=\"_blank\">\r\n                                              <img decoding=\"async\" src=\"https:\/\/www.titan-solutions.ch\/wp-content\/uploads\/2024\/04\/logo-procure-clean.png\" alt=\"\" \/>\r\n                                          <\/a>\r\n                                                                                                            <a href=\"#\" target=\"\">\r\n                                              <img decoding=\"async\" src=\"https:\/\/www.titan-solutions.ch\/wp-content\/uploads\/2024\/04\/logo-supplytechs.png\" alt=\"\" \/>\r\n                                          <\/a>\r\n                                                <\/div>\r\n                      <\/div><!-- .col -->\r\n        <\/div><!-- .row -->\r\n      <\/div><!-- .col -->\r\n    <\/div><!-- .row -->\r\n  <\/div><!-- .container -->\r\n<\/section><!-- #hero -->\r\n\n\n\r\n<section id=\"office\">\r\n  <div class=\"container\">\r\n    <div class=\"row justify-content-space-between\">\r\n      <div class=\"col-12 col-md-6 col-lg-4\">\r\n        <h2>Unsere B\u00fcro&#8217;s<\/h2>\r\n        <h3>Titan Solutions <\/h3>\r\n        <p>AG Chaltenbodenstrasse 8<\/p>\n<p>8834 Schindellegi<\/p>\n<p>Switzerland<\/p>\n<p>&nbsp;<\/p>\n<p><strong>UID: CHE-303.735.387<\/strong><\/p>\n                          <a class=\"btn btn-secondary\" href=\"https:\/\/sz.chregister.ch\/cr-portal\/auszug\/auszug.xhtml?uid=CHE-303.735.387\" target=\"_blank\">\r\n            Unternehmensregister          <\/a>\r\n              <\/div><!-- .col -->\r\n      <div class=\"col-12 col-md-6 col-lg-8\">\r\n                  <div class=\"row image-row\">\r\n                          <div class=\"col-6\">\r\n                                                  <img decoding=\"async\" src=\"https:\/\/www.titan-solutions.ch\/wp-content\/uploads\/2024\/04\/titan_office_photo1.jpg\" alt=\"\" \/>\r\n                              <\/div><!-- .col -->\r\n                          <div class=\"col-6\">\r\n                                                  <img decoding=\"async\" src=\"https:\/\/www.titan-solutions.ch\/wp-content\/uploads\/2024\/04\/titan_office_photo2.jpg\" alt=\"\" \/>\r\n                              <\/div><!-- .col -->\r\n                          <div class=\"col-6\">\r\n                                                  <img decoding=\"async\" src=\"https:\/\/www.titan-solutions.ch\/wp-content\/uploads\/2024\/04\/titan_office_photo3.jpg\" alt=\"\" \/>\r\n                              <\/div><!-- .col -->\r\n                          <div class=\"col-6\">\r\n                                                  <img decoding=\"async\" src=\"https:\/\/www.titan-solutions.ch\/wp-content\/uploads\/2024\/04\/titan_office_photo4.jpg\" alt=\"\" \/>\r\n                              <\/div><!-- .col -->\r\n                      <\/div><!-- .row -->\r\n              <\/div><!-- .col -->\r\n    <\/div><!-- .row -->\r\n  <\/div><!-- .container -->\r\n<\/section><!-- #hero -->\r\n","protected":false},"excerpt":{"rendered":"<p> [&#8230;]<\/p>\n<p><a class=\"btn btn-secondary understrap-read-more-link\" href=\"https:\/\/www.titan-solutions.ch\/de\/ueber-uns\/\">Weiterlesen&#8230;<span class=\"screen-reader-text\"> from \u00dcber uns<\/span><\/a><\/p>\n","protected":false},"author":1,"featured_media":0,"parent":0,"menu_order":0,"comment_status":"closed","ping_status":"closed","template":"page-templates\/no-title.php","meta":{"_acf_changed":false,"footnotes":""},"class_list":["post-682","page","type-page","status-publish","hentry"],"acf":[],"_links":{"self":[{"href":"https:\/\/www.titan-solutions.ch\/de\/wp-json\/wp\/v2\/pages\/682","targetHints":{"allow":["GET"]}}],"collection":[{"href":"https:\/\/www.titan-solutions.ch\/de\/wp-json\/wp\/v2\/pages"}],"about":[{"href":"https:\/\/www.titan-solutions.ch\/de\/wp-json\/wp\/v2\/types\/page"}],"author":[{"embeddable":true,"href":"https:\/\/www.titan-solutions.ch\/de\/wp-json\/wp\/v2\/users\/1"}],"replies":[{"embeddable":true,"href":"https:\/\/www.titan-solutions.ch\/de\/wp-json\/wp\/v2\/comments?post=682"}],"version-history":[{"count":4,"href":"https:\/\/www.titan-solutions.ch\/de\/wp-json\/wp\/v2\/pages\/682\/revisions"}],"predecessor-version":[{"id":1467,"href":"https:\/\/www.titan-solutions.ch\/de\/wp-json\/wp\/v2\/pages\/682\/revisions\/1467"}],"wp:attachment":[{"href":"https:\/\/www.titan-solutions.ch\/de\/wp-json\/wp\/v2\/media?parent=682"}],"curies":[{"name":"wp","href":"https:\/\/api.w.org\/{rel}","templated":true}]}}