{"id":1032,"date":"2024-04-19T06:55:37","date_gmt":"2024-04-19T06:55:37","guid":{"rendered":"https:\/\/www.titan-solutions.ch\/ana-sayfa\/"},"modified":"2024-04-22T09:38:18","modified_gmt":"2024-04-22T09:38:18","slug":"ana-sayfa","status":"publish","type":"page","link":"https:\/\/www.titan-solutions.ch\/tr\/","title":{"rendered":"Ana Sayfa"},"content":{"rendered":"\n\n\n\n<section\n  id=\"hero\"\n  style=\"background-image: url('https:\/\/www.titan-solutions.ch\/wp-content\/uploads\/2024\/04\/home-hero-o.jpg')\"\n  class=\" \"\n>\n  <div class=\"container\">\n    <div class=\"row  \">\n                 <div class=\"hero-content col-md-10 col-lg-7 col-xl-6\">\n                <h1>\n          S\u0131n\u0131rlar\u0131n<\/span><br>  \r\n\u00d6tesinde<br> \r\nM\u00fckemmellik        <\/h1>\n        <p>Stratejik, G\u00fcvenilir, G\u00fc\u00e7lendirici, Vizyoner, Sezgisel, Uzman, Global<\/p>\n                  <div class=\"clearfix btn-wrapper\">\n                                          <a\n                  class=\"btn btn-light\"\n                  href=\"https:\/\/www.titan-solutions.ch\/tr\/iletisim\/\"\n                  target=\"_self\"\n                >\n                  Bizimle ileti\u015fime Ge\u00e7in                 <\/a>\n                                                        <a\n                  class=\"btn btn-primary\"\n                  href=\"https:\/\/www.titan-solutions.ch\/wp-content\/uploads\/2024\/04\/Factsheet-Titan-Solutions_web.pdf\"\n                  target=\"_blank\"\n                >\n                  B\u0130LG\u0130 FORMU                <\/a>\n                                    <\/div>\n              <\/div><!-- col -->\n      \n    <\/div><!-- .row -->\n  <\/div><!-- .container -->\n<\/section><!-- #hero -->\n\n\n\n<section id=\"intro\" class=\"animated-image\">\n  <div class=\"container\">\n          <div class=\"row\">\n      \t          <div class=\"col-md-6 col-lg-3\">\n                                      <img decoding=\"async\" src=\"https:\/\/www.titan-solutions.ch\/wp-content\/uploads\/2024\/03\/ic-path.png\" alt=\"\" \/>\n                        <h3>\n  \t\t\t\t\t\tYurt D\u0131\u015f\u0131ndan \u00dcr\u00fcn <br>Teslimat\u0131            <\/h3>\n            <p>\n  \t\t\t\t\t\t\u0130thalat hizmetleri i\u00e7in en iyi s\u0131n\u0131f<br> k\u0131lavuzumuz arac\u0131l\u0131\u011f\u0131yla            <\/p>\n          <\/div><!-- col -->\n                  <div class=\"col-md-6 col-lg-3\">\n                                      <img decoding=\"async\" src=\"https:\/\/www.titan-solutions.ch\/wp-content\/uploads\/2024\/03\/ic-ux.png\" alt=\"\" \/>\n                        <h3>\n  \t\t\t\t\t\tEn \u0130yi Uzmanl\u0131k ve <br>\u0130li\u015fkiler            <\/h3>\n            <p>\n  \t\t\t\t\t\tOperasyonel ve Dan\u0131\u015fmanl\u0131k  <br>DNA&#8217;m\u0131z            <\/p>\n          <\/div><!-- col -->\n                  <div class=\"col-md-6 col-lg-3\">\n                                      <img decoding=\"async\" src=\"https:\/\/www.titan-solutions.ch\/wp-content\/uploads\/2024\/03\/ic-compliance.png\" alt=\"\" \/>\n                        <h3>\n  \t\t\t\t\t\tD\u00fc\u015f\u00fck Risk ve <br>Tam Uyumlu            <\/h3>\n            <p>\n  \t\t\t\t\t\tAlanlar\u0131m\u0131zda kan\u0131tlanm\u0131\u015f <br>uzmanlar\u0131z            <\/p>\n          <\/div><!-- col -->\n                  <div class=\"col-md-6 col-lg-3\">\n                                      <img decoding=\"async\" src=\"https:\/\/www.titan-solutions.ch\/wp-content\/uploads\/2024\/03\/ic-talent-search.png\" alt=\"\" \/>\n                        <h3>\n  \t\t\t\t\t\tGen\u00e7 Yetenek <br>havuzlar\u0131na eri\u015fim            <\/h3>\n            <p>\n  \t\t\t\t\t\tSosyal sorumlulu\u011fumuzu yerine <br>getiriyoruz            <\/p>\n          <\/div><!-- col -->\n              <\/div><!-- .row -->\n    \n      <\/div><!-- .container -->\n<\/section><!-- .cities -->\n\n\n\n\n\n<section id=\"leadins\" class=\" animated-section\">\n  <div class=\"container\">\n    <div class=\"row\">\n      <div class=\"col\">\n        <h2>Teklifimiz<\/h2>\n      <\/div>\n    <\/div>\n          <div class=\"row\">\n        <div class=\"col-lg-8 col-xl-7 mx-auto\">\n                      <p>\n              Titan Solutions&#8217;da bir hizmetten daha fazlas\u0131n\u0131 sunuyoruz. \u0130thalat konusunda, amaca uygun vizyonel tavsiyeler veriyoruz. Bir ortak olarak geli\u015fiyoruz. Toplumun geli\u015fmesini sa\u011flayan, bir ticaret anlay\u0131\u015f\u0131yla dan\u0131\u015fmanl\u0131k hizmeti veriyoruz.             <\/p>\n                  <\/div>\n      <\/div>\n          <\/div><!-- .container -->\n<\/section><!-- .leadins -->\n\n\n\r\n<section id=\"services\">\r\n  <div class=\"container-fluid\">\r\n          <div class=\"row image-text-row\">\r\n      \t          <div class=\"col-md-4\">\r\n                                      <img decoding=\"async\" src=\"https:\/\/www.titan-solutions.ch\/wp-content\/uploads\/2024\/03\/ic-services-import.png\" alt=\"\" \/>\r\n                        <h3>\r\n              \u0130THALAT<br>H\u0130ZMETLER\u0130            <\/h3>\r\n                                      <a href=\"https:\/\/www.titan-solutions.ch\/importservices\/\" target=\"\">DAHA FAZLA B\u0130LG\u0130 ED\u0130N\u0130N<\/a>\r\n                      <\/div><!-- col -->\r\n                  <div class=\"col-md-4\">\r\n                                      <img decoding=\"async\" src=\"https:\/\/www.titan-solutions.ch\/wp-content\/uploads\/2024\/03\/ic-services-advisory.png\" alt=\"\" \/>\r\n                        <h3>\r\n              Dan\u0131\u015fmanl\u0131k<br>Hizmetleri            <\/h3>\r\n                                      <a href=\"https:\/\/www.titan-solutions.ch\/advisory-services\/\" target=\"\">DAHA FAZLA B\u0130LG\u0130 ED\u0130N\u0130N<\/a>\r\n                      <\/div><!-- col -->\r\n                  <div class=\"col-md-4\">\r\n                                      <img decoding=\"async\" src=\"https:\/\/www.titan-solutions.ch\/wp-content\/uploads\/2024\/03\/ic-services-student.png\" alt=\"\" \/>\r\n                        <h3>\r\n              \u00d6\u011frenci<br>Hizmetleri            <\/h3>\r\n                                      <a href=\"https:\/\/www.titan-solutions.ch\/students-services\/\" target=\"\">DAHA FAZLA B\u0130LG\u0130 ED\u0130N\u0130N<\/a>\r\n                      <\/div><!-- col -->\r\n              <\/div><!-- .row -->\r\n      <\/div><!-- .container -->\r\n<\/section><!-- .cities -->\r\n\n\n\n<section id=\"about\">\n  <div class=\"container\">\n    <div class=\"row image-text-row\" style=\"background-image: url('https:\/\/www.titan-solutions.ch\/wp-content\/uploads\/2024\/03\/bg-about-globe.png')\">\n      <div class=\"col-lg-7 col-xl-4\">\n        <h2>\n          HAKKIMIZDA        <\/h2>\n        <p>\n          K\u00fcresel ithalat\u0131 kolayla\u015ft\u0131r\u0131yoruz ve stratejik kaynak bulma dan\u0131\u015fmanl\u0131\u011f\u0131 sa\u011fl\u0131yoruz. Bizim rol\u00fcm\u00fcz sadece, uluslararas\u0131 pazarlar ile i\u015finiz aras\u0131ndaki bo\u015flu\u011fu doldurmak de\u011fil, ayn\u0131 zamanda b\u00fcy\u00fcme i\u00e7in uzman rehberlik hizmeti alman\u0131z\u0131 sa\u011flamakt\u0131r.        <\/p>\n                          <a class=\"btn btn-secondary\" href=\"https:\/\/www.titan-solutions.ch\/about-us\/\" target=\"\">Hakk\u0131m\u0131zda Daha Fazla Bilgi<\/a>\n              <\/div><!-- col -->\n    <\/div><!-- .row -->\n  <\/div><!-- .container -->\n<\/section><!-- .cities -->\n","protected":false},"excerpt":{"rendered":"<p> [&#8230;]<\/p>\n<p><a class=\"btn btn-secondary understrap-read-more-link\" href=\"https:\/\/www.titan-solutions.ch\/tr\/\">Daha fazlas\u0131n\u0131 oku\u2026<span class=\"screen-reader-text\"> from Ana Sayfa<\/span><\/a><\/p>\n","protected":false},"author":1,"featured_media":0,"parent":0,"menu_order":0,"comment_status":"closed","ping_status":"closed","template":"page-templates\/no-title.php","meta":{"_acf_changed":false,"footnotes":""},"class_list":["post-1032","page","type-page","status-publish","hentry"],"acf":[],"_links":{"self":[{"href":"https:\/\/www.titan-solutions.ch\/tr\/wp-json\/wp\/v2\/pages\/1032","targetHints":{"allow":["GET"]}}],"collection":[{"href":"https:\/\/www.titan-solutions.ch\/tr\/wp-json\/wp\/v2\/pages"}],"about":[{"href":"https:\/\/www.titan-solutions.ch\/tr\/wp-json\/wp\/v2\/types\/page"}],"author":[{"embeddable":true,"href":"https:\/\/www.titan-solutions.ch\/tr\/wp-json\/wp\/v2\/users\/1"}],"replies":[{"embeddable":true,"href":"https:\/\/www.titan-solutions.ch\/tr\/wp-json\/wp\/v2\/comments?post=1032"}],"version-history":[{"count":3,"href":"https:\/\/www.titan-solutions.ch\/tr\/wp-json\/wp\/v2\/pages\/1032\/revisions"}],"predecessor-version":[{"id":1441,"href":"https:\/\/www.titan-solutions.ch\/tr\/wp-json\/wp\/v2\/pages\/1032\/revisions\/1441"}],"wp:attachment":[{"href":"https:\/\/www.titan-solutions.ch\/tr\/wp-json\/wp\/v2\/media?parent=1032"}],"curies":[{"name":"wp","href":"https:\/\/api.w.org\/{rel}","templated":true}]}}