{"id":1048,"date":"2024-04-19T07:00:56","date_gmt":"2024-04-19T07:00:56","guid":{"rendered":"https:\/\/www.titan-solutions.ch\/ithalat-hizmetleri\/"},"modified":"2025-08-12T08:35:32","modified_gmt":"2025-08-12T08:35:32","slug":"ithalat-hizmetleri","status":"publish","type":"page","link":"https:\/\/www.titan-solutions.ch\/tr\/ithalat-hizmetleri\/","title":{"rendered":"\u0130thalat Hizmetleri"},"content":{"rendered":"\n\n\n\n<section\n  id=\"hero\"\n  style=\"background-image: url('https:\/\/www.titan-solutions.ch\/wp-content\/uploads\/2024\/04\/hero-import-services-o.jpg')\"\n  class=\" \"\n>\n  <div class=\"container\">\n    <div class=\"row  \">\n                 <div class=\"hero-content col-md-10 col-lg-7 col-xl-6\">\n                <h1>\n          <span>Global<\/span> \u00fcr\u00fcnleri \r\nen iyi ko\u015fullarda <br>\r\nal\u0131n        <\/h1>\n        <p>Siz b\u00fcy\u00fcmeye odaklan\u0131rken, lojisti\u011fi biz halledelim ve \u00f6zenle se\u00e7ilmi\u015f k\u00fcresel ithalat d\u00fcnyas\u0131n\u0131 ke\u015ffedin!<\/p>\n                  <div class=\"clearfix btn-wrapper\">\n                                          <a\n                  class=\"btn btn-light\"\n                  href=\"https:\/\/www.titan-solutions.ch\/tr\/iletisim\/\"\n                  target=\"_self\"\n                >\n                  Bizimle ileti\u015fime Ge\u00e7in                 <\/a>\n                                                        <a\n                  class=\"btn btn-primary\"\n                  href=\"https:\/\/www.titan-solutions.ch\/wp-content\/uploads\/2024\/04\/Factsheet_Import_services_web.pdf\"\n                  target=\"_blank\"\n                >\n                  B\u0130LG\u0130 FORMU                <\/a>\n                                    <\/div>\n              <\/div><!-- col -->\n      \n    <\/div><!-- .row -->\n  <\/div><!-- .container -->\n<\/section><!-- #hero -->\n\n\n\n<section id=\"intro\" class=\"animated-image\">\n  <div class=\"container\">\n    \n          <div class=\"row image-text-row\">\n      \t          <div class=\"col-12\">\n                                      <img decoding=\"async\" src=\"https:\/\/www.titan-solutions.ch\/wp-content\/uploads\/2024\/03\/logo-titan-import.png\" alt=\"\" \/>\n                        <div>\n              <h3>\n                TITAN \u0130THALAT              <\/h3>\n              <p>\n                <p>\u015eirketimiz , d\u00fcnya \u00e7ap\u0131nda giri\u015fimcilerle sa\u011flam ba\u011flant\u0131lara sahiptir. \u0130svi\u00e7re pazar\u0131nda g\u00fc\u00e7l\u00fc uzmanlar\u0131z. Kalite, tedarik zinciri yasas\u0131 uyumlulu\u011fu ve hepsini tam zaman\u0131nda sunuyoruz<\/p>\n              <\/p>\n            <\/div>\n          <\/div><!-- col -->\n              <\/div><!-- .row -->\n      <\/div><!-- .container -->\n<\/section><!-- .cities -->\n\n\n\n\n  \n<section id=\"leadins\" class=\" animated-section\">\n  <div class=\"container\">\n    <div class=\"row\">\n      <div class=\"col\">\n        <h2>Hizmet portf\u00f6y\u00fcm\u00fcz<\/h2>\n      <\/div>\n    <\/div>\n              <div class=\"row image-text-row\">\n      \t          <div class=\"col-lg-4\">\n            <div class=\"title-wraper\">\n                                            <img decoding=\"async\" src=\"https:\/\/www.titan-solutions.ch\/wp-content\/uploads\/2024\/03\/ic-partnership.png\" alt=\"\" \/>\n                                            <h3>\n                  \u00d6zel <br>Ortakl\u0131klar                <\/h3>\n                          <\/div>\n            <p>\n  \t\t\t\t\t\t\u015eirketimizin, S\u0131rbistan, T\u00fcrkiye ve \u00c7in (\u015eanghay b\u00f6lgesi) gibi \u00fclkelerde bulunan \u015firketlerle sa\u011flam ba\u011flant\u0131lar\u0131 vard\u0131r. \u00dcr\u00fcnler ve harici personel hizmetleri ile teslimat\u0131n\u0131z\u0131 optimize etmenize yard\u0131mc\u0131 oluyoruz.            <\/p>\n          <\/div><!-- col -->\n                  <div class=\"col-lg-4\">\n            <div class=\"title-wraper\">\n                                            <img decoding=\"async\" src=\"https:\/\/www.titan-solutions.ch\/wp-content\/uploads\/2024\/03\/ic-globe.png\" alt=\"\" \/>\n                                            <h3>\n                  \u0130thalat <br>\u0130\u015flemleri                <\/h3>\n                          <\/div>\n            <p>\n  \t\t\t\t\t\tOrtaklar\u0131m\u0131z i\u00e7in, talep \u00fczerine g\u00fcmr\u00fckleme ve ithalat ekibi olarak hareket ediyoruz. Depolama alan\u0131 sa\u011flay\u0131c\u0131lar\u0131 ve nakliye \u015firketleri ile g\u00fc\u00e7l\u00fc ba\u011flant\u0131lar\u0131m\u0131z var. Bizden , g\u00fcvenebilece\u011finiz u\u00e7tan uca bir hizmet alabilirsiniz.            <\/p>\n          <\/div><!-- col -->\n                  <div class=\"col-lg-4\">\n            <div class=\"title-wraper\">\n                                            <img decoding=\"async\" src=\"https:\/\/www.titan-solutions.ch\/wp-content\/uploads\/2024\/03\/ic-cog-rotation.png\" alt=\"\" \/>\n                                            <h3>\n                  Tedarik Zinciri <br>\u015eeffafl\u0131\u011f\u0131                <\/h3>\n                          <\/div>\n            <p>\n  \t\t\t\t\t\tTedarik zinciri y\u00f6netiminde kan\u0131tlanm\u0131\u015f uzmanlar\u0131z. Pazar\u0131 ve gereksinimleri biliyoruz. Kurucular\u0131m\u0131z \u0130svi\u00e7re \u00dcniversitelerinde uzmanl\u0131k alanlar\u0131 olan bu konular\u0131 \u00f6\u011fretmekte ve \u00fcniversitelerle i\u015fbirli\u011fi yapmaktad\u0131r. \u00dcr\u00fcn\u00fcn\u00fcz\u00fcn yurtd\u0131\u015f\u0131ndaki ticari varl\u0131\u011f\u0131n\u0131, personel hizmetleri de dahil olmak \u00fczere ilgili hizmetleri optimize etmenize yard\u0131mc\u0131 oluyoruz.            <\/p>\n          <\/div><!-- col -->\n              <\/div><!-- .row -->\n      <\/div><!-- .container -->\n<\/section><!-- .leadins -->\n\n\n\r\n\r\n\r\n<section id=\"contact\">\r\n  <div class=\"container\">\r\n    <div class=\"row\">\r\n      <div class=\"col-md-10 offset-md-1 shadow-wrapper\">\r\n        <div class=\"row\">\r\n          <div class=\"col-md-4\">\r\n                          <img decoding=\"async\" src=\"https:\/\/www.titan-solutions.ch\/wp-content\/uploads\/2025\/08\/client-success-lead-e1754987710829.jpg\" alt=\"Client Success Lead\" \/>\r\n                      <\/div><!-- col -->\r\n          <div class=\"col-md-8\">\r\n            <h2>\u0130LET\u0130\u015e\u0130M<\/h2>\r\n            <h3>Client Success Lead<\/h3>\r\n            <p>\u0130\u015f Geli\u015ftirme <\/p>\r\n                          <div class=\"clearfix\">\r\n                                  <a\r\n                    class=\"\"\r\n                    href=\"mailto: info@titan-solutions.ch\"\r\n                    target=\"_blank\"\r\n                  >\r\n                    <i class=\"fa-solid fa-envelope\" aria-hidden=\"true\"><\/i>                  <\/a>\r\n                                  <a\r\n                    class=\"\"\r\n                    href=\"http:\/\/www.linkedin.com\/company\/titan-solutions-ag\"\r\n                    target=\"_blank\"\r\n                  >\r\n                    <i class=\"fa-brands fa-linkedin\" aria-hidden=\"true\"><\/i>                  <\/a>\r\n                              <\/div>\r\n                      <\/div><!-- .col -->\r\n        <\/div><!-- .row -->\r\n      <\/div><!-- .col -->\r\n    <\/div><!-- .row -->\r\n  <\/div><!-- .container -->\r\n<\/section><!-- #hero -->\r\n\n\n\r\n\r\n\r\n<section id=\"workflow\">\r\n  <div class=\"container\">\r\n    <div class=\"row\">\r\n      <div class=\"col-md-12\">\r\n        <h2>TITAN \u0130\u015e AKI\u015eI<\/h2>\r\n      <\/div><!-- .col -->\r\n    <\/div><!-- .row -->\r\n\r\n\t\t<div class=\"row\">\r\n\t\t\t<div class=\"col-md-12 text-center position-relative\">\r\n\t\t\t\t<img decoding=\"async\" class=\"logo-procure\" src=\"https:\/\/www.titan-solutions.ch\/wp-content\/themes\/titan\/images\/logo-procure.png\" alt=\"\" \/>\r\n\t\t\t  <img decoding=\"async\" class=\"text-receive\" src=\"https:\/\/www.titan-solutions.ch\/wp-content\/themes\/titan\/images\/text-receive-global-product.png\" alt=\"\" \/>\r\n\t\t    <img decoding=\"async\" class=\"animated-image partner\" src=\"https:\/\/www.titan-solutions.ch\/wp-content\/themes\/titan\/images\/partner.png\" alt=\"\" \/>\r\n\t\t    <img decoding=\"async\" class=\"animated-image ordering offset oset\" src=\"https:\/\/www.titan-solutions.ch\/wp-content\/themes\/titan\/images\/ordering.png\" alt=\"\" \/>\r\n\t\t    <img decoding=\"async\" class=\"animated-image pass\" src=\"https:\/\/www.titan-solutions.ch\/wp-content\/themes\/titan\/images\/pass.png\" alt=\"\" \/>\r\n\t\t    <img decoding=\"async\" class=\"animated-image arival\" src=\"https:\/\/www.titan-solutions.ch\/wp-content\/themes\/titan\/images\/arival.png\" alt=\"\" \/>\r\n\t\t    <img decoding=\"async\" class=\"curve\" src=\"https:\/\/www.titan-solutions.ch\/wp-content\/themes\/titan\/images\/workflow-curve.png\" alt=\"\" \/>\r\n\r\n\t\t\t\t<div class=\"delivery-wrapper\">\r\n\t\t\t    <img decoding=\"async\" class=\"text-by-titan\" src=\"https:\/\/www.titan-solutions.ch\/wp-content\/themes\/titan\/images\/text-delivery-by-titan.png\" alt=\"\" \/>\r\n\t\t\t\t\t<div class=\"animated-image delivery-retail\">\r\n\t\t\t\t\t\t<div class=\"delivery-icon\">\r\n\t\t\t\t\t\t\tA\r\n\t\t\t\t\t\t<\/div>\r\n\t\t\t\t\t\t<img decoding=\"async\" class=\"animated-image\" src=\"https:\/\/www.titan-solutions.ch\/wp-content\/themes\/titan\/images\/icon-delivery-retailers.png\" alt=\"\" \/>\r\n\t\t\t\t\t<\/div>\r\n\t\t\t\t\t<div class=\"animated-image delivery-center\">\r\n\t\t\t\t\t\t<div class=\"delivery-icon\">\r\n\t\t\t\t\t\t\tB\r\n\t\t\t\t\t\t<\/div>\r\n\t\t\t\t\t\t<img decoding=\"async\" class=\"animated-image\" src=\"https:\/\/www.titan-solutions.ch\/wp-content\/themes\/titan\/images\/icon-delivery-center.png\" alt=\"\" \/>\r\n\t\t\t\t\t<\/div>\r\n\t\t\t\t\t<div class=\"animated-image delivery-warehouse\">\r\n\t\t\t\t\t\t<div class=\"delivery-icon\">\r\n\t\t\t\t\t\t\tC\r\n\t\t\t\t\t\t<\/div>\r\n\t\t\t\t\t\t<img decoding=\"async\" class=\"animated-image\" src=\"https:\/\/www.titan-solutions.ch\/wp-content\/themes\/titan\/images\/icon-delivery-warehouse.png\" alt=\"\" \/>\r\n\t\t\t\t\t<\/div>\r\n\t\t\t\t<\/div><!-- .delivery-wrapper -->\r\n\t\t\t\t<img decoding=\"async\" class=\"text-supply\" src=\"https:\/\/www.titan-solutions.ch\/wp-content\/themes\/titan\/images\/text-supply-chain.png\" alt=\"\" \/>\r\n\t\t\t<\/div><!-- .col -->\r\n    <\/div><!-- .row -->\r\n\r\n    <div class=\"row\">\r\n      <div class=\"col-md-12\">\r\n                  <!-- <img decoding=\"async\" src=\"https:\/\/www.titan-solutions.ch\/wp-content\/uploads\/2024\/03\/import-illustration.png\" alt=\"\" \/> -->\r\n              <\/div><!-- col -->\r\n    <\/div><!-- .row -->\r\n  <\/div><!-- .container -->\r\n<\/section><!-- #hero -->\r\n\n\n\r\n<section id=\"slideshow\">\r\n  <div class=\"container\">\r\n    <div class=\"row\">\r\n      <div class=\"col-md-12\">\r\n        <h2>&nbsp;<\/h2>\r\n      <\/div><!-- col -->\r\n    <\/div><!-- .row -->\r\n    <div class=\"row\">\r\n              <div class=\"container-fluid\">\r\n          <div class=\"row justify-content-center\">\r\n                                                                    <div class=\"col-6 col-md-4 col-lg-3 col-xl-2\">\r\n                                  <img decoding=\"async\" src=\"https:\/\/www.titan-solutions.ch\/wp-content\/uploads\/2024\/03\/logo-titan-import.png\" alt=\"\" \/>\r\n                                <h3>BAL<\/h3>\r\n                <p>\r\n                                      <img decoding=\"async\" src=\"https:\/\/www.titan-solutions.ch\/wp-content\/uploads\/2024\/04\/flag-turkey.png\" alt=\"\" \/>\r\n                                    T\u00fcrk Tedarik\u00e7i                <\/p>\r\n                <p class=\"mb-1\">Avrupa \u00e7ap\u0131nda teslimat<\/p>\r\n                                  <a href=\"https:\/\/www.titan-solutions.ch\/wp-content\/uploads\/2024\/04\/Factsheet_Product_Flyer_HONEY_web.pdf\" target=\"_blank\">Bilgi Formu \u0130ndir<\/a>\r\n                              <\/div><!-- col -->\r\n                      <\/div><!-- .row -->\r\n        <\/div><!-- .container-fluid -->\r\n          <\/div><!-- .row -->\r\n  <\/div><!-- .container -->\r\n<\/section><!-- #hero -->\r\n","protected":false},"excerpt":{"rendered":"<p> [&#8230;]<\/p>\n<p><a class=\"btn btn-secondary understrap-read-more-link\" href=\"https:\/\/www.titan-solutions.ch\/tr\/ithalat-hizmetleri\/\">Daha fazlas\u0131n\u0131 oku\u2026<span class=\"screen-reader-text\"> from \u0130thalat Hizmetleri<\/span><\/a><\/p>\n","protected":false},"author":1,"featured_media":0,"parent":0,"menu_order":0,"comment_status":"closed","ping_status":"closed","template":"page-templates\/no-title.php","meta":{"_acf_changed":false,"footnotes":""},"class_list":["post-1048","page","type-page","status-publish","hentry"],"acf":[],"_links":{"self":[{"href":"https:\/\/www.titan-solutions.ch\/tr\/wp-json\/wp\/v2\/pages\/1048","targetHints":{"allow":["GET"]}}],"collection":[{"href":"https:\/\/www.titan-solutions.ch\/tr\/wp-json\/wp\/v2\/pages"}],"about":[{"href":"https:\/\/www.titan-solutions.ch\/tr\/wp-json\/wp\/v2\/types\/page"}],"author":[{"embeddable":true,"href":"https:\/\/www.titan-solutions.ch\/tr\/wp-json\/wp\/v2\/users\/1"}],"replies":[{"embeddable":true,"href":"https:\/\/www.titan-solutions.ch\/tr\/wp-json\/wp\/v2\/comments?post=1048"}],"version-history":[{"count":13,"href":"https:\/\/www.titan-solutions.ch\/tr\/wp-json\/wp\/v2\/pages\/1048\/revisions"}],"predecessor-version":[{"id":1526,"href":"https:\/\/www.titan-solutions.ch\/tr\/wp-json\/wp\/v2\/pages\/1048\/revisions\/1526"}],"wp:attachment":[{"href":"https:\/\/www.titan-solutions.ch\/tr\/wp-json\/wp\/v2\/media?parent=1048"}],"curies":[{"name":"wp","href":"https:\/\/api.w.org\/{rel}","templated":true}]}}