{"id":985,"date":"2024-04-19T06:33:17","date_gmt":"2024-04-19T06:33:17","guid":{"rendered":"https:\/\/www.titan-solutions.ch\/hakkimizda\/"},"modified":"2024-04-26T10:39:39","modified_gmt":"2024-04-26T10:39:39","slug":"hakkimizda","status":"publish","type":"page","link":"https:\/\/www.titan-solutions.ch\/tr\/hakkimizda\/","title":{"rendered":"HAKKIMIZDA"},"content":{"rendered":"\n\n\n\n<section\n  id=\"hero\"\n  style=\"background-image: url('https:\/\/www.titan-solutions.ch\/wp-content\/uploads\/2024\/04\/hero-about-o.jpg')\"\n  class=\" \"\n>\n  <div class=\"container\">\n    <div class=\"row  \">\n                 <div class=\"hero-content col-md-10 col-lg-7 col-xl-6\">\n                <h1>\n          <span>TITAN<\/span> <br>\r\nEtik Kurallar\u0131        <\/h1>\n        <p>TITAN, sosyal a\u00e7\u0131dan sorumlu bir \u00e7\u00f6z\u00fcm <br>sa\u011flay\u0131c\u0131 olmaya inan\u0131r<\/p>\n                  <div class=\"clearfix btn-wrapper\">\n                                          <a\n                  class=\"btn btn-light\"\n                  href=\"https:\/\/www.titan-solutions.ch\/tr\/iletisim\/\"\n                  target=\"_self\"\n                >\n                  \u0130LET\u0130\u015e\u0130M                <\/a>\n                                    <\/div>\n              <\/div><!-- col -->\n      \n    <\/div><!-- .row -->\n  <\/div><!-- .container -->\n<\/section><!-- #hero -->\n\n\n\n\n  \n<section id=\"leadins\" class=\"leadins-4 animated-section\">\n  <div class=\"container\">\n    <div class=\"row\">\n      <div class=\"col\">\n        <h2>TITAN Sosyal Sorumluluk<\/h2>\n      <\/div>\n    <\/div>\n          <div class=\"row\">\n        <div class=\"col-lg-8 col-xl-7 mx-auto\">\n                      <h4>\n              Temel olarak \u015funa inan\u0131yoruz:            <\/h4>\n                  <\/div>\n      <\/div>\n              <div class=\"row image-text-row\">\n      \t          <div class=\"col-lg-3\">\n            <div class=\"title-wraper\">\n                                            <img decoding=\"async\" src=\"https:\/\/www.titan-solutions.ch\/wp-content\/uploads\/2024\/04\/ic-people.png\" alt=\"\" \/>\n                                        <\/div>\n            <p>\n  \t\t\t\t\t\t\u0130nsan ili\u015fkileri B\u0130Z\u0130M \u0130\u00c7\u0130N K\u00c2RDAN DAHA \u00d6NEML\u0130D\u0130R            <\/p>\n          <\/div><!-- col -->\n                  <div class=\"col-lg-3\">\n            <div class=\"title-wraper\">\n                                            <img decoding=\"async\" src=\"https:\/\/www.titan-solutions.ch\/wp-content\/uploads\/2024\/04\/ic-responsibility.png\" alt=\"\" \/>\n                                        <\/div>\n            <p>\n  \t\t\t\t\t\tSorumlulu\u011fumuz, m\u00fc\u015fterilerin mevcut i\u015flerini ba\u015far\u0131l\u0131 bir \u015fekilde y\u00f6netmelerinin yan\u0131nda, tedarik zinciri sistemlerini y\u00f6netme ve  d\u00f6n\u00fc\u015ft\u00fcrme bi\u00e7iminde de\u011fi\u015fiklik yaratmakt\u0131r.            <\/p>\n          <\/div><!-- col -->\n                  <div class=\"col-lg-3\">\n            <div class=\"title-wraper\">\n                                            <img decoding=\"async\" src=\"https:\/\/www.titan-solutions.ch\/wp-content\/uploads\/2024\/04\/ic-support.png\" alt=\"\" \/>\n                                        <\/div>\n            <p>\n  \t\t\t\t\t\tPlatformdaki ve hizmetlerimizdeki de\u011fi\u015fiklikler i\u00e7in m\u00fc\u015fteri ihtiya\u00e7lar\u0131n\u0131 dinlemeli ve bunlara g\u00f6re hareket etmeliyiz.            <\/p>\n          <\/div><!-- col -->\n                  <div class=\"col-lg-3\">\n            <div class=\"title-wraper\">\n                                            <img decoding=\"async\" src=\"https:\/\/www.titan-solutions.ch\/wp-content\/uploads\/2024\/04\/ic-power.png\" alt=\"\" \/>\n                                        <\/div>\n            <p>\n  \t\t\t\t\t\tM\u00fc\u015fteriler, bir algoritman\u0131n \u00e7\u0131kt\u0131s\u0131n\u0131 de\u011fil, istediklerini sunan \u00e7\u00f6z\u00fcm hizmetleriyle g\u00fc\u00e7lendirilmelidir.            <\/p>\n          <\/div><!-- col -->\n              <\/div><!-- .row -->\n      <\/div><!-- .container -->\n<\/section><!-- .leadins -->\n\n\n\r\n<section id=\"memberships\">\r\n  <div class=\"container\">\r\n    <div class=\"row\">\r\n      <div class=\"col-md-10 offset-md-1 shadow-wrapper\">\r\n        <div class=\"row\">\r\n          <div class=\"col-md-12\">\r\n            <h2>\u00dcYEL\u0130KLER<\/h2>\r\n            <p>procure.ch ve supplytechs.com<\/p>\r\n                          <div class=\"clearfix\">\r\n                                                                                          <a href=\"https:\/\/www.procure.ch\/\" target=\"_blank\">\r\n                                              <img decoding=\"async\" src=\"https:\/\/www.titan-solutions.ch\/wp-content\/uploads\/2024\/04\/logo-procure-clean.png\" alt=\"\" \/>\r\n                                          <\/a>\r\n                                                                                                            <a href=\"#\" target=\"\">\r\n                                              <img decoding=\"async\" src=\"https:\/\/www.titan-solutions.ch\/wp-content\/uploads\/2024\/04\/logo-supplytechs.png\" alt=\"\" \/>\r\n                                          <\/a>\r\n                                                <\/div>\r\n                      <\/div><!-- .col -->\r\n        <\/div><!-- .row -->\r\n      <\/div><!-- .col -->\r\n    <\/div><!-- .row -->\r\n  <\/div><!-- .container -->\r\n<\/section><!-- #hero -->\r\n\n\n\r\n<section id=\"office\">\r\n  <div class=\"container\">\r\n    <div class=\"row justify-content-space-between\">\r\n      <div class=\"col-12 col-md-6 col-lg-4\">\r\n        <h2>OF\u0130S\u0130M\u0130Z<\/h2>\r\n        <h3>TITAN Solutions <\/h3>\r\n        <p>AG Chaltenbodenstrasse 8<\/p>\n<p>8834 Schindellegi \u0130svi\u00e7re<\/p>\n<p>Switzerland<\/p>\n<p>&nbsp;<\/p>\n<p><strong>UID: CHE-303.735.387<\/strong><\/p>\n                          <a class=\"btn btn-secondary\" href=\"https:\/\/sz.chregister.ch\/cr-portal\/auszug\/auszug.xhtml?uid=CHE-303.735.387\" target=\"_blank\">\r\n            T\u0130CARET S\u0130C\u0130L          <\/a>\r\n              <\/div><!-- .col -->\r\n      <div class=\"col-12 col-md-6 col-lg-8\">\r\n                  <div class=\"row image-row\">\r\n                          <div class=\"col-6\">\r\n                                                  <img decoding=\"async\" src=\"https:\/\/www.titan-solutions.ch\/wp-content\/uploads\/2024\/04\/titan_office_photo1.jpg\" alt=\"\" \/>\r\n                              <\/div><!-- .col -->\r\n                          <div class=\"col-6\">\r\n                                                  <img decoding=\"async\" src=\"https:\/\/www.titan-solutions.ch\/wp-content\/uploads\/2024\/04\/titan_office_photo2.jpg\" alt=\"\" \/>\r\n                              <\/div><!-- .col -->\r\n                          <div class=\"col-6\">\r\n                                                  <img decoding=\"async\" src=\"https:\/\/www.titan-solutions.ch\/wp-content\/uploads\/2024\/04\/titan_office_photo3.jpg\" alt=\"\" \/>\r\n                              <\/div><!-- .col -->\r\n                          <div class=\"col-6\">\r\n                                                  <img decoding=\"async\" src=\"https:\/\/www.titan-solutions.ch\/wp-content\/uploads\/2024\/04\/titan_office_photo4.jpg\" alt=\"\" \/>\r\n                              <\/div><!-- .col -->\r\n                      <\/div><!-- .row -->\r\n              <\/div><!-- .col -->\r\n    <\/div><!-- .row -->\r\n  <\/div><!-- .container -->\r\n<\/section><!-- #hero -->\r\n","protected":false},"excerpt":{"rendered":"<p> [&#8230;]<\/p>\n<p><a class=\"btn btn-secondary understrap-read-more-link\" href=\"https:\/\/www.titan-solutions.ch\/tr\/hakkimizda\/\">Daha fazlas\u0131n\u0131 oku\u2026<span class=\"screen-reader-text\"> from HAKKIMIZDA<\/span><\/a><\/p>\n","protected":false},"author":1,"featured_media":0,"parent":0,"menu_order":0,"comment_status":"closed","ping_status":"closed","template":"page-templates\/no-title.php","meta":{"_acf_changed":false,"footnotes":""},"class_list":["post-985","page","type-page","status-publish","hentry"],"acf":[],"_links":{"self":[{"href":"https:\/\/www.titan-solutions.ch\/tr\/wp-json\/wp\/v2\/pages\/985","targetHints":{"allow":["GET"]}}],"collection":[{"href":"https:\/\/www.titan-solutions.ch\/tr\/wp-json\/wp\/v2\/pages"}],"about":[{"href":"https:\/\/www.titan-solutions.ch\/tr\/wp-json\/wp\/v2\/types\/page"}],"author":[{"embeddable":true,"href":"https:\/\/www.titan-solutions.ch\/tr\/wp-json\/wp\/v2\/users\/1"}],"replies":[{"embeddable":true,"href":"https:\/\/www.titan-solutions.ch\/tr\/wp-json\/wp\/v2\/comments?post=985"}],"version-history":[{"count":9,"href":"https:\/\/www.titan-solutions.ch\/tr\/wp-json\/wp\/v2\/pages\/985\/revisions"}],"predecessor-version":[{"id":1510,"href":"https:\/\/www.titan-solutions.ch\/tr\/wp-json\/wp\/v2\/pages\/985\/revisions\/1510"}],"wp:attachment":[{"href":"https:\/\/www.titan-solutions.ch\/tr\/wp-json\/wp\/v2\/media?parent=985"}],"curies":[{"name":"wp","href":"https:\/\/api.w.org\/{rel}","templated":true}]}}