{"id":998,"date":"2024-04-19T06:42:45","date_gmt":"2024-04-19T06:42:45","guid":{"rendered":"https:\/\/www.titan-solutions.ch\/danismanlik-hizmetleri\/"},"modified":"2025-08-12T08:39:53","modified_gmt":"2025-08-12T08:39:53","slug":"danismanlik-hizmetleri","status":"publish","type":"page","link":"https:\/\/www.titan-solutions.ch\/tr\/danismanlik-hizmetleri\/","title":{"rendered":"Dan\u0131\u015fmanl\u0131k Hizmetleri"},"content":{"rendered":"\n\n\n\n<section\n  id=\"hero\"\n  style=\"background-image: url('https:\/\/www.titan-solutions.ch\/wp-content\/uploads\/2024\/04\/hero-advisory-o.jpg')\"\n  class=\" \"\n>\n  <div class=\"container\">\n    <div class=\"row  \">\n                 <div class=\"hero-content col-md-10 col-lg-7 col-xl-6\">\n                <h1>\n          <span>\u0130HT\u0130YA\u00c7LARINIZ<\/span> \u0130\u00c7\u0130N EN \u0130Y\u0130 TEDAR\u0130K Z\u0130NC\u0130R\u0130 UZMANLARI        <\/h1>\n        <p>TEDAR\u0130K Z\u0130NC\u0130R\u0130 \u0130HT\u0130YA\u00c7LARINIZA Y\u00d6NEL\u0130K STRATEJ\u0130K REHBER, OPERASYONLARDA S\u00dcRD\u00dcR\u00dcLEB\u0130L\u0130RL\u0130K, D\u0130J\u0130TAL D\u00d6N\u00dc\u015e\u00dcM VE DAHA FAZLASI<\/p>\n                  <div class=\"clearfix btn-wrapper\">\n                                          <a\n                  class=\"btn btn-light\"\n                  href=\"https:\/\/www.titan-solutions.ch\/tr\/iletisim\/\"\n                  target=\"_self\"\n                >\n                  Bizimle ileti\u015fime Ge\u00e7in                 <\/a>\n                                                        <a\n                  class=\"btn btn-primary\"\n                  href=\"https:\/\/www.titan-solutions.ch\/wp-content\/uploads\/2024\/04\/Factsheet-Advisory-Services-Factsheet.pdf\"\n                  target=\"_blank\"\n                >\n                  B\u0130LG\u0130 FORMU                <\/a>\n                                    <\/div>\n              <\/div><!-- col -->\n      \n    <\/div><!-- .row -->\n  <\/div><!-- .container -->\n<\/section><!-- #hero -->\n\n\n\n<section id=\"intro\" class=\"animated-image\">\n  <div class=\"container\">\n    \n          <div class=\"row image-text-row\">\n      \t          <div class=\"col-12\">\n                                      <img decoding=\"async\" src=\"https:\/\/www.titan-solutions.ch\/wp-content\/uploads\/2024\/03\/logo-titan-advisory.png\" alt=\"\" \/>\n                        <div>\n              <h3>\n                TITAN DANI\u015eMANLIK              <\/h3>\n              <p>\n                <p>TITAN DANI\u015eMANLI\u011eI M\u00fc\u015fterilerin nadiren belirli bir \u00fcr\u00fcn gereksinimi vard\u0131r. Bunun yerine, odak noktalar\u0131 problem \u00e7\u00f6zmedir. Uzmanlar\u0131m\u0131z sorunlar\u0131n\u0131z\u0131 etkin bir \u015fekilde  \u00e7\u00f6zer ve \u00fcr\u00fcn lansman faaliyetleriniz ve talep \u00fczerine pazara \u00f6zel portf\u00f6y\u00fcn\u00fcz\u00fcn daha fazla i\u015f geli\u015ftirmesi i\u00e7in destek sa\u011flar.<\/p>\n              <\/p>\n            <\/div>\n          <\/div><!-- col -->\n              <\/div><!-- .row -->\n      <\/div><!-- .container -->\n<\/section><!-- .cities -->\n\n\n\n\n  \n<section id=\"leadins\" class=\" animated-section\">\n  <div class=\"container\">\n    <div class=\"row\">\n      <div class=\"col\">\n        <h2>Hizmetlerimiz <\/h2>\n      <\/div>\n    <\/div>\n              <div class=\"row image-text-row\">\n      \t          <div class=\"col-lg-4\">\n            <div class=\"title-wraper\">\n                                            <img decoding=\"async\" src=\"https:\/\/www.titan-solutions.ch\/wp-content\/uploads\/2024\/03\/ic-market.png\" alt=\"\" \/>\n                                            <h3>\n                  Pazar <br>Bilgileri                <\/h3>\n                          <\/div>\n            <p>\n  \t\t\t\t\t\t360 Derece Piyasalar \u0130\u00e7g\u00f6r\u00fclerimiz, se\u00e7ilen \u00fcr\u00fcnlerin toplam de\u011fer zinciri boyunca mevcuttur. Kilit pazar\u0131m\u0131z \u0130svi\u00e7re, ancak \u00e7ok daha geni\u015f deneyimlerimiz de var. Kilit piyasa oyuncular\u0131n\u0131, b\u00f6lgesel geli\u015fmeleri ve genel fiyatland\u0131rma ve ba\u015far\u0131 parametrelerini biliyoruz ve kendimizi bu konuda s\u00fcrekli g\u00fcnceliyoruz. \u0130svi\u00e7re pazar\u0131nda kan\u0131tlanm\u0131\u015f bir  ge\u00e7mi\u015fimiz var. Ayr\u0131ca, yerel pazar\/m\u00fc\u015fteri dan\u0131\u015fma kurullar\u0131n\u0131z\u0131 olu\u015fturman\u0131z\u0131 destekleyerek pazardaki konumunuzu daha da g\u00fc\u00e7lendirmenize yard\u0131mc\u0131 oluyoruz.            <\/p>\n          <\/div><!-- col -->\n                  <div class=\"col-lg-4\">\n            <div class=\"title-wraper\">\n                                            <img decoding=\"async\" src=\"https:\/\/www.titan-solutions.ch\/wp-content\/uploads\/2024\/04\/ic-product.png\" alt=\"\" \/>\n                                            <h3>\n                  \u00dcr\u00fcn <br>Ke\u015ffi                <\/h3>\n                          <\/div>\n            <p>\n  \t\t\t\t\t\t\u00dcr\u00fcn ke\u015fif hizmetimiz, bir \u015firket ara\u015ft\u0131rma bilgilerine ihtiya\u00e7 duydu\u011funda, ancak onu bulmak i\u00e7in nereye bakaca\u011f\u0131n\u0131 tam olarak bilmedi\u011finde kullan\u0131l\u0131r. Giri\u015fimciler, genel m\u00fcd\u00fcrler, i\u015f geli\u015ftiriciler ve kaynak bulma ve sat\u0131n alma uzmanlar\u0131 gibi \u00e7ok iyi kurulmu\u015f bir k\u00fcresel pazar bilgisine sahip bir a\u011fa sahibiz. Ayr\u0131ca, ihtiyac\u0131n\u0131z olan g\u00fcvenilir ve olgun bilgileri sa\u011flayabilecek \u00e7ok g\u00fc\u00e7l\u00fc pazar ve \u00fcr\u00fcn veri kaynaklar\u0131na eri\u015fimimiz var.            <\/p>\n          <\/div><!-- col -->\n                  <div class=\"col-lg-4\">\n            <div class=\"title-wraper\">\n                                            <img decoding=\"async\" src=\"https:\/\/www.titan-solutions.ch\/wp-content\/uploads\/2024\/03\/ic-product-assesment.png\" alt=\"\" \/>\n                                            <h3>\n                  \u00dcr\u00fcn <br>De\u011ferlendirmesi                <\/h3>\n                          <\/div>\n            <p>\n  \t\t\t\t\t\t\u00dcr\u00fcn de\u011ferlendirmemiz, \u00fcr\u00fcn kar\u015f\u0131la\u015ft\u0131rmak ve mevcut operasyonlar\u0131n\u0131z\u0131n yan\u0131 s\u0131ra, ihtiya\u00e7lar\u0131n\u0131z\u0131 ve hedeflerinizi de g\u00f6zden ge\u00e7irmenizi  kolayla\u015ft\u0131racakt\u0131r. \u00dcr\u00fcn de\u011ferlendirmeleri, maliyet tasarrufu, depolama ve marka kimli\u011fi aras\u0131nda do\u011fru dengeyi bulman\u0131z ve \u00f6zellikle yeni pazarlara giri\u015fler konusunda , mesela \u0130svi\u00e7re pazar\u0131, \u00f6nem ta\u015f\u0131r.  Ara\u00e7lar\u0131m\u0131z var, \u00fcreticiyi tan\u0131yoruz ve bunu do\u011fru yapmak i\u00e7in do\u011fru ortakl\u0131klara sahibiz. M\u00fc\u015fterilerimizin ba\u015far\u0131l\u0131 olmas\u0131 i\u00e7in ne gerekti\u011fini biliyoruz.            <\/p>\n          <\/div><!-- col -->\n              <\/div><!-- .row -->\n      <\/div><!-- .container -->\n<\/section><!-- .leadins -->\n\n\n<!-- Modal -->\n<div class=\"modal fade\" id=\"servicesPassModal\" tabindex=\"-1\" aria-labelledby=\"servicesPassModalLabel\" aria-hidden=\"true\">\n  <div class=\"modal-dialog modal-lg modal-dialog-centered\">\n    <div class=\"modal-content\">\n      <div class=\"modal-header\">\n        <h3>SPECIAL PROJECT SERVICES<\/h3>\n        <p>Type password to unlock special project services.<\/p>\n        <button type=\"button\" class=\"btn-close\" data-bs-dismiss=\"modal\" aria-label=\"Close\"><\/button>\n      <\/div>\n      <div class=\"modal-body\">\n        <div id=\"password-form\">\n          <input type=\"password\" id=\"password\" name=\"password\">\n          <button class=\"btn btn-primary\" id=\"submit-password\" data-bs-dismiss=\"modal\">Submit<\/button>\n        <\/div>\n      <\/div>\n    <\/div>\n  <\/div>\n<\/div>\n\n<section id=\"special-services\">\n  <div class=\"container\">\n    <div class=\"row\">\n      <div class=\"col\">\n        <h3>\u00d6ZEL PROJE H\u0130ZMETLER\u0130<\/h3>\n      <\/div><!-- col -->\n    <\/div><!-- .row -->\n    <div class=\"row\">\n      <div class=\"col-lg-8 col-xl-7 mx-auto\">\n        <p> \u00d6zel proje hizmetlerinden olu\u015fan gizli portf\u00f6y. Daha fazla bilgi i\u00e7in l\u00fctfen Titan i\u015f geli\u015ftirme ile ileti\u015fime ge\u00e7in. Bu \u00f6zel proje hizmetlerini yaln\u0131zca elle se\u00e7ilmi\u015f m\u00fc\u015fterilerle s\u0131n\u0131rl\u0131 olarak sunuyoruz.<\/p>\n      <\/div><!-- col -->\n    <\/div><!-- .row -->\n    <div class=\"row\">\n      <div class=\"btn-wrapper col-12 d-flex justify-content-center\">\n                  <a\n            class=\"btn btn-danger\"\n            href=\"#\"\n            target=\"_self\"\n            data-bs-toggle=\"modal\" data-bs-target=\"#servicesPassModal\"\n          >\n            \u00d6zel proje hizmetlerini g\u00f6ster          <\/a>\n              <\/div><!-- col -->\n    <\/div><!-- .row -->\n\n    <div id=\"field-value-container\" style=\"display: none;\">\n              <div class=\"row image-text-row\">\n        \t            <div class=\"col-md-6\">\n              <div class=\"title-wraper\">\n                                                  <img decoding=\"async\" src=\"https:\/\/www.titan-solutions.ch\/wp-content\/uploads\/2024\/03\/ic-procurement-consulting.png\" alt=\"\" \/>\n                                <h4>\n                  Sat\u0131nalma dan\u0131\u015fmanl\u0131\u011f\u0131                <\/h4>\n              <\/div>\n              <p>\n    \t\t\t\t\t\tS\u00fcrd\u00fcr\u00fclebilir bir gelece\u011fe d\u00f6n\u00fc\u015f\u00fcm i\u00e7in , \u015eirketlerin sat\u0131n alma, kaynak bulma ve organizasyonel projelerini ve zorluklar\u0131n\u0131 tamamlamalar\u0131na yard\u0131mc\u0131 oluyoruz.  Titan&#8217;\u0131n pazardaki derin bilgisi; sat\u0131n almadan \u00f6demeye, kaynaktan ileti\u015fime ge\u00e7me ve kategori ve kaynak bulma stratejisi y\u00f6netimi gibi, t\u00fcm ilgili s\u00fcre\u00e7ler, m\u00fc\u015fterilerimize iyile\u015ftirmeler ve payda\u015f memnuniyeti elde etmeleri konusunda yard\u0131mc\u0131 olur.               <\/p>\n            <\/div><!-- col -->\n                      <div class=\"col-md-6\">\n              <div class=\"title-wraper\">\n                                                  <img decoding=\"async\" src=\"https:\/\/www.titan-solutions.ch\/wp-content\/uploads\/2024\/03\/ic-data-advisory.png\" alt=\"\" \/>\n                                <h4>\n                  Veri Dan\u0131\u015fmanl\u0131\u011f\u0131                <\/h4>\n              <\/div>\n              <p>\n    \t\t\t\t\t\tTitan, optimizasyon ve yeni i\u015f f\u0131rsatlar\u0131 durumunda, m\u00fcmk\u00fcn olan en iyi \u00e7\u00f6z\u00fcmleri sa\u011flamak i\u00e7in veri i\u015f ak\u0131\u015flar\u0131n\u0131z\u0131 anlar. Ekosistemi, veri referans\u0131n\u0131 biliyoruz ve bizim sizin i\u00e7in birka\u00e7 iyi uygulamam\u0131z var. K\u00fcresel veri m\u00fczakeresindeki g\u00fc\u00e7l\u00fc deneyimimiz bizim art\u0131m\u0131zd\u0131r! Tan\u0131mlay\u0131n, Toplay\u0131n, Temizleyin, Ke\u015ffedin, Analiz Edin ve sonu\u00e7lar\u0131 g\u00f6sterin prensibiyle destek oluyoruz.              <\/p>\n            <\/div><!-- col -->\n                      <div class=\"col-md-6\">\n              <div class=\"title-wraper\">\n                                                  <img decoding=\"async\" src=\"https:\/\/www.titan-solutions.ch\/wp-content\/uploads\/2024\/03\/ic-sales.png\" alt=\"\" \/>\n                                <h4>\n                  Sat\u0131\u015f Pazara Giri\u015f dan\u0131\u015fmanl\u0131\u011f\u0131                 <\/h4>\n              <\/div>\n              <p>\n    \t\t\t\t\t\t\u015eirketlere, piyasay\u0131 derinlemesine anlamaya dayanan, s\u0131n\u0131f\u0131n\u0131n en iyisi sat\u0131\u015f pazara a\u00e7\u0131lma stratejisiyle yard\u0131mc\u0131 oluyoruz. Titan&#8217;\u0131n \u00e7e\u015fitli end\u00fcstri ve b\u00f6lgelerdeki i\u015fletmelerin yan\u0131 s\u0131ra sat\u0131\u015f, pazarlama ve \u00fcr\u00fcn y\u00f6netimindeki derin anlay\u0131\u015f\u0131, sat\u0131n alma organizasyonu ve m\u00fc\u015fterilerin nas\u0131l \u00e7al\u0131\u015ft\u0131\u011f\u0131yla birle\u015fti\u011finde harika sonu\u00e7lar elde ediyor.               <\/p>\n            <\/div><!-- col -->\n                      <div class=\"col-md-6\">\n              <div class=\"title-wraper\">\n                                                  <img decoding=\"async\" src=\"https:\/\/www.titan-solutions.ch\/wp-content\/uploads\/2024\/03\/ic-digital-marketing-it.png\" alt=\"\" \/>\n                                <h4>\n                  Dijital Pazarlama ve BT                 <\/h4>\n              <\/div>\n              <p>\n    \t\t\t\t\t\tTek bir kaynaktan \u00f6zelle\u015ftirilmi\u015f \u00e7\u00f6z\u00fcmler. Uzmanl\u0131\u011f\u0131m\u0131zdan yararlan\u0131n. \u0130\u015finizi anl\u0131yoruz ve yurt d\u0131\u015f\u0131ndan sizi yakalayan ve etki yaratan BT Geli\u015ftirme ve Dijital Pazarlama sunuyoruz.               <\/p>\n            <\/div><!-- col -->\n                  <\/div><!-- .row -->\n          <\/div><!-- #field-value-container -->\n    <script src=\"https:\/\/code.jquery.com\/jquery-3.7.1.min.js\" integrity=\"sha256-\/JqT3SQfawRcv\/BIHPThkBvs0OEvtFFmqPF\/lYI\/Cxo=\" crossorigin=\"anonymous\"><\/script>\n    <script type=\"text\/javascript\">\n      jQuery(document).ready(function($) {\n        $('#submit-password').on('click', function(e) {\n            e.preventDefault();\n\n            var password = $('#password').val();\n\n            \/\/ AJAX request\n            $.ajax({\n              type: 'POST',\n                url: 'https:\/\/www.titan-solutions.ch\/wp-admin\/admin-ajax.php',\n                type: 'POST',\n                data: {\n                    action: 'validate_password', \/\/ AJAX action\n                    password: password\n                },\n                success: function(response) {\n                    if (response.success) {\n                        \/\/ Display the field value\n                        $('#field-value-container').show();\n                        $('#password-form').hide();\n                        $('.btn-danger').hide();\n                    } else {\n                        alert(response.data.message);\n                    }\n                },\n                error: function(xhr, status, error) {\n                    console.error('AJAX Error:', error);\n                }\n            });\n        });\n      });\n    <\/script>\n\n  <\/div><!-- .container -->\n<\/section><!-- .cities -->\n\n\n\r\n\r\n\r\n<section id=\"contact\">\r\n  <div class=\"container\">\r\n    <div class=\"row\">\r\n      <div class=\"col-md-10 offset-md-1 shadow-wrapper\">\r\n        <div class=\"row\">\r\n          <div class=\"col-md-4\">\r\n                          <img decoding=\"async\" src=\"https:\/\/www.titan-solutions.ch\/wp-content\/uploads\/2025\/08\/client-success-lead-e1754987710829.jpg\" alt=\"Client Success Lead\" \/>\r\n                      <\/div><!-- col -->\r\n          <div class=\"col-md-8\">\r\n            <h2>\u0130LET\u0130\u015e\u0130M<\/h2>\r\n            <h3>Client Success Lead<\/h3>\r\n            <p>\u0130\u015f Geli\u015ftirme <\/p>\r\n                          <div class=\"clearfix\">\r\n                                  <a\r\n                    class=\"\"\r\n                    href=\"mailto:info@titan-solutions.ch\"\r\n                    target=\"_blank\"\r\n                  >\r\n                    <i class=\"fa-solid fa-envelope\" aria-hidden=\"true\"><\/i>                  <\/a>\r\n                                  <a\r\n                    class=\"\"\r\n                    href=\"http:\/\/www.linkedin.com\/company\/titan-solutions-ag\"\r\n                    target=\"_blank\"\r\n                  >\r\n                    <i class=\"fa-brands fa-linkedin\" aria-hidden=\"true\"><\/i>                  <\/a>\r\n                              <\/div>\r\n                      <\/div><!-- .col -->\r\n        <\/div><!-- .row -->\r\n      <\/div><!-- .col -->\r\n    <\/div><!-- .row -->\r\n  <\/div><!-- .container -->\r\n<\/section><!-- #hero -->\r\n\n\n\r\n<section class=\"logos\">\r\n  <div class=\"container\">\r\n    <div class=\"row\">\r\n      <div class=\"col-md-12\">\r\n        <h2>Dan\u0131\u015fman M\u00fc\u015fterilerimiz<\/h2>\r\n      <\/div><!-- col -->\r\n    <\/div><!-- .row -->\r\n    <div class=\"row\">\r\n              <div class=\"container-fluid\">\r\n                    <div class=\"row justify-content-center\">\r\n                                        <div class=\"col-6 col-md-4 col-lg-3 col-xl-2\">\r\n                                  <img decoding=\"async\" src=\"https:\/\/www.titan-solutions.ch\/wp-content\/uploads\/2024\/03\/logo-expleo.png\" alt=\"\" \/>\r\n                              <\/div><!-- col -->\r\n                                                      <div class=\"col-6 col-md-4 col-lg-3 col-xl-2\">\r\n                                  <img decoding=\"async\" src=\"https:\/\/www.titan-solutions.ch\/wp-content\/uploads\/2024\/03\/logo-basler.png\" alt=\"\" \/>\r\n                              <\/div><!-- col -->\r\n                                                      <div class=\"col-6 col-md-4 col-lg-3 col-xl-2\">\r\n                                  <img decoding=\"async\" src=\"https:\/\/www.titan-solutions.ch\/wp-content\/uploads\/2024\/03\/logo-die-mobiliar.png\" alt=\"\" \/>\r\n                              <\/div><!-- col -->\r\n                                                      <div class=\"col-6 col-md-4 col-lg-3 col-xl-2\">\r\n                                  <img decoding=\"async\" src=\"https:\/\/www.titan-solutions.ch\/wp-content\/uploads\/2024\/03\/logo-confinale.png\" alt=\"\" \/>\r\n                              <\/div><!-- col -->\r\n                                                      <div class=\"col-6 col-md-4 col-lg-3 col-xl-2\">\r\n                                  <img decoding=\"async\" src=\"https:\/\/www.titan-solutions.ch\/wp-content\/uploads\/2024\/03\/logo-rwe.png\" alt=\"\" \/>\r\n                              <\/div><!-- col -->\r\n              <\/div><div class=\"row justify-content-center\">                                        <div class=\"col-6 col-md-4 col-lg-3 col-xl-2\">\r\n                                  <img decoding=\"async\" src=\"https:\/\/www.titan-solutions.ch\/wp-content\/uploads\/2024\/03\/logo-pm.png\" alt=\"\" \/>\r\n                              <\/div><!-- col -->\r\n                                                      <div class=\"col-6 col-md-4 col-lg-3 col-xl-2\">\r\n                                  <img decoding=\"async\" src=\"https:\/\/www.titan-solutions.ch\/wp-content\/uploads\/2024\/03\/logo-acelleron.png\" alt=\"\" \/>\r\n                              <\/div><!-- col -->\r\n                                                      <div class=\"col-6 col-md-4 col-lg-3 col-xl-2\">\r\n                                  <img decoding=\"async\" src=\"https:\/\/www.titan-solutions.ch\/wp-content\/uploads\/2024\/03\/logo-egs.png\" alt=\"\" \/>\r\n                              <\/div><!-- col -->\r\n                                                      <div class=\"col-6 col-md-4 col-lg-3 col-xl-2\">\r\n                                  <img decoding=\"async\" src=\"https:\/\/www.titan-solutions.ch\/wp-content\/uploads\/2024\/03\/logo-ubs.png\" alt=\"\" \/>\r\n                              <\/div><!-- col -->\r\n                                                      <div class=\"col-6 col-md-4 col-lg-3 col-xl-2\">\r\n                                  <img decoding=\"async\" src=\"https:\/\/www.titan-solutions.ch\/wp-content\/uploads\/2024\/03\/logo-manpower.png\" alt=\"\" \/>\r\n                              <\/div><!-- col -->\r\n              <\/div><div class=\"row justify-content-center\">                      <\/div><!-- .row -->\r\n        <\/div><!-- .container-fluid -->\r\n          <\/div><!-- .row -->\r\n  <\/div><!-- .container -->\r\n<\/section><!-- #hero -->\r\n\n\n\r\n<section id=\"partners\">\r\n  <div class=\"container\">\r\n    <div class=\"row\">\r\n      <div class=\"col-md-12\">\r\n        <h2>\u0130\u015f Orta\u011f\u0131 A\u011f\u0131m\u0131z<\/h2>\r\n      <\/div><!-- col -->\r\n    <\/div><!-- .row -->\r\n    <div class=\"row\">\r\n      <div class=\"col-md-12\">\r\n        <h3>2022&#8217;den beri Titan \u0130\u015f Orta\u011f\u0131<\/h3>\r\n      <\/div><!-- col -->\r\n    <\/div><!-- .row -->\r\n    <div class=\"row\">\r\n              <div class=\"col-12\">\r\n                                        <img decoding=\"async\" src=\"https:\/\/www.titan-solutions.ch\/wp-content\/uploads\/2024\/03\/logo-buynamics.png\" alt=\"\" \/>\r\n                                                  <img decoding=\"async\" src=\"https:\/\/www.titan-solutions.ch\/wp-content\/uploads\/2024\/03\/logo-WTP.png\" alt=\"\" \/>\r\n                          <\/div><!-- col -->\r\n          <\/div><!-- .row -->\r\n    <div class=\"row\">\r\n      <div class=\"col-md-12 justify-content-center d-flex\">\r\n        <p>Emtia fiyatland\u0131rmas\u0131 ve maliyet yap\u0131lar\u0131<span>|<\/span><br>Rol profili fiyatland\u0131rmas\u0131 ve yap\u0131lar\u0131 <\/p>\r\n      <\/div><!-- col -->\r\n    <\/div><!-- .row -->\r\n  <\/div><!-- .container -->\r\n<\/section><!-- #hero -->\r\n\n\n\r\n<section class=\"logos\">\r\n  <div class=\"container\">\r\n    <div class=\"row\">\r\n      <div class=\"col-md-12\">\r\n        <h2>Dernek \u0130\u015fbirli\u011fi ve <br>A\u011f \u00dcyelikleri<\/h2>\r\n      <\/div><!-- col -->\r\n    <\/div><!-- .row -->\r\n    <div class=\"row\">\r\n              <div class=\"container-fluid\">\r\n                    <div class=\"row justify-content-center\">\r\n                                        <div class=\"col-6 col-md-4 col-lg-3 col-xl-2\">\r\n                                  <img decoding=\"async\" src=\"https:\/\/www.titan-solutions.ch\/wp-content\/uploads\/2024\/03\/logo-procure.png\" alt=\"\" \/>\r\n                              <\/div><!-- col -->\r\n                                                      <div class=\"col-6 col-md-4 col-lg-3 col-xl-2\">\r\n                                  <img decoding=\"async\" src=\"https:\/\/www.titan-solutions.ch\/wp-content\/uploads\/2024\/03\/logo-FHGR.png\" alt=\"\" \/>\r\n                              <\/div><!-- col -->\r\n                                                      <div class=\"col-6 col-md-4 col-lg-3 col-xl-2\">\r\n                                  <img decoding=\"async\" src=\"https:\/\/www.titan-solutions.ch\/wp-content\/uploads\/2024\/03\/logo-gpm.png\" alt=\"\" \/>\r\n                              <\/div><!-- col -->\r\n                                                      <div class=\"col-6 col-md-4 col-lg-3 col-xl-2\">\r\n                                  <img decoding=\"async\" src=\"https:\/\/www.titan-solutions.ch\/wp-content\/uploads\/2024\/03\/logo-supply-chain.png\" alt=\"\" \/>\r\n                              <\/div><!-- col -->\r\n                                                      <div class=\"col-6 col-md-4 col-lg-3 col-xl-2\">\r\n                                  <img decoding=\"async\" src=\"https:\/\/www.titan-solutions.ch\/wp-content\/uploads\/2024\/03\/logo-gs1.png\" alt=\"\" \/>\r\n                              <\/div><!-- col -->\r\n              <\/div><div class=\"row justify-content-center\">                      <\/div><!-- .row -->\r\n        <\/div><!-- .container-fluid -->\r\n          <\/div><!-- .row -->\r\n  <\/div><!-- .container -->\r\n<\/section><!-- #hero -->\r\n","protected":false},"excerpt":{"rendered":"<p> [&#8230;]<\/p>\n<p><a class=\"btn btn-secondary understrap-read-more-link\" href=\"https:\/\/www.titan-solutions.ch\/tr\/danismanlik-hizmetleri\/\">Daha fazlas\u0131n\u0131 oku\u2026<span class=\"screen-reader-text\"> from Dan\u0131\u015fmanl\u0131k Hizmetleri<\/span><\/a><\/p>\n","protected":false},"author":1,"featured_media":0,"parent":0,"menu_order":0,"comment_status":"closed","ping_status":"closed","template":"page-templates\/no-title.php","meta":{"_acf_changed":false,"footnotes":""},"class_list":["post-998","page","type-page","status-publish","hentry"],"acf":[],"_links":{"self":[{"href":"https:\/\/www.titan-solutions.ch\/tr\/wp-json\/wp\/v2\/pages\/998","targetHints":{"allow":["GET"]}}],"collection":[{"href":"https:\/\/www.titan-solutions.ch\/tr\/wp-json\/wp\/v2\/pages"}],"about":[{"href":"https:\/\/www.titan-solutions.ch\/tr\/wp-json\/wp\/v2\/types\/page"}],"author":[{"embeddable":true,"href":"https:\/\/www.titan-solutions.ch\/tr\/wp-json\/wp\/v2\/users\/1"}],"replies":[{"embeddable":true,"href":"https:\/\/www.titan-solutions.ch\/tr\/wp-json\/wp\/v2\/comments?post=998"}],"version-history":[{"count":6,"href":"https:\/\/www.titan-solutions.ch\/tr\/wp-json\/wp\/v2\/pages\/998\/revisions"}],"predecessor-version":[{"id":1529,"href":"https:\/\/www.titan-solutions.ch\/tr\/wp-json\/wp\/v2\/pages\/998\/revisions\/1529"}],"wp:attachment":[{"href":"https:\/\/www.titan-solutions.ch\/tr\/wp-json\/wp\/v2\/media?parent=998"}],"curies":[{"name":"wp","href":"https:\/\/api.w.org\/{rel}","templated":true}]}}